{"id":15697,"date":"2023-12-29T16:00:37","date_gmt":"2023-12-29T16:00:37","guid":{"rendered":"https:\/\/masazasara.com\/?page_id=15697"},"modified":"2023-12-29T16:02:03","modified_gmt":"2023-12-29T16:02:03","slug":"depilacija","status":"publish","type":"page","link":"https:\/\/masazasara.com\/index.php\/depilacija\/","title":{"rendered":"Depilacija"},"content":{"rendered":"\t\t<div data-elementor-type=\"wp-page\" data-elementor-id=\"15697\" class=\"elementor elementor-15697\">\n\t\t\t\t<div class=\"elementor-element elementor-element-22d51a3 e-flex e-con-boxed wd-section-disabled e-con e-parent\" data-id=\"22d51a3\" data-element_type=\"container\" data-e-type=\"container\">\n\t\t\t\t\t<div class=\"e-con-inner\">\n\t\t\t\t<div class=\"elementor-element elementor-element-838411c elementor-widget elementor-widget-wd_text_block\" data-id=\"838411c\" data-element_type=\"widget\" data-e-type=\"widget\" data-widget_type=\"wd_text_block.default\">\n\t\t\t\t<div class=\"elementor-widget-container\">\n\t\t\t\t\t\t\t<div class=\"wd-text-block reset-last-child text-left\">\n\t\t\t\n\t\t\t<p><img fetchpriority=\"high\" decoding=\"async\" class=\"alignleft wp-image-15856 size-medium\" src=\"https:\/\/masazasara.com\/wp-content\/uploads\/2023\/12\/9b7f5e81763abe7266c84bf364ca5fe0_2709372829-225x300-1.jpeg\" alt=\"\" width=\"225\" height=\"300\" \/>Klasi\u010dna depilacija naj\u010de\u0161\u0107e je izvo\u0111en na\u010din uklanjanja ne\u017eeljenih dla\u010dica. Dla\u010dice se tom metodam uklanjaju iz korijena, \u0161to vremenom postepeno smanjuje njihov rast i \u010dvrsto\u0107u. Klasi\u010dna depilacija nije potpuno bezbolna ali i to puno zavisi o tome koliko ste opu\u0161teni. Masa\u017ea Sara klasi\u010dnu depilaciju izvodi voskom, \u0161e\u0107ernom pastom i kremom uz kozmeti\u010dke preparate za pre i posle tretmana.<\/p><p>Ako ste odlu\u010dili ne\u017eeljenim dla\u010dicama stati na kraj, bila to bikini depilacija, brazilska depilacija, depilacija le\u0111a i stomaka, lica, nogu ili ruku, zgodno je imati na umu slede\u0107e: preporuka je da se na depilaciju dolazi svake 4 nedelje jer taj vremenski interval prati rast dlaka. Pre depilacije treba pustiti dla\u010dice da izrastu najmanje 4 mm. Nega nakon depilacije: piling uklanja mrtve stanice ko\u017ee i omogu\u0107ava dlakama da lak\u0161e iza\u0111u na povr\u0161inu. To sprje\u010dava i urastanje dlaka i stvaranje pri\u0161ti\u0107a. Piling je preporu\u010dljivo raditi 2 \u2013 3 dana nakon depilacije, i zatim 2 \u2013 3 puta nedeljno.<\/p><p>Egipatsku depilaciju (\u0161e\u0107ernom pastom) je koristila i Kleopatra jo\u0161 u 1. ceku pre na\u0161e ere. Egipatska depilacija je posebno preporu\u010dljiva za osobe koje imaju osetljivu ko\u017eu. Prilikom depilacije \u0161e\u0107ernom pastom ne\u017eno se odstranjuju i odumrle stanice ko\u017ee zbog \u010dega ko\u017ea jo\u0161 dugo ostaje svilenkasta i glatka.<\/p>\n\t\t\t\t\t<\/div>\n\t\t\t\t\t\t<\/div>\n\t\t\t\t<\/div>\n\t\t\t\t<div class=\"elementor-element elementor-element-80da384 elementor-widget elementor-widget-wd_images_gallery\" data-id=\"80da384\" data-element_type=\"widget\" data-e-type=\"widget\" data-widget_type=\"wd_images_gallery.default\">\n\t\t\t\t<div class=\"elementor-widget-container\">\n\t\t\t\t\t\t\t<div class=\"wd-images-gallery wd-justify-center wd-items-middle view-masonry photoswipe-images\" >\n\t\t\t<div class=\"gallery-images row wd-spacing-10\">\n\t\t\t\t\t\t\t\t\t\t\t\t\t\t<div class=\"wd-gallery-item  col-lg-4 col-md-4 col-12\">\n\t\t\t\t\t\t\t\t\t\t\t\t\t<a  href=\"https:\/\/masazasara.com\/wp-content\/uploads\/2023\/12\/1.jpg\"data-width=\"960\" data-height=\"518\" data-index=\"1\" data-elementor-open-lightbox=\"no\">\n\t\t\t\t\t\t\n\t\t\t\t\t\t<img decoding=\"async\" src=\"https:\/\/masazasara.com\/wp-content\/uploads\/2023\/12\/1.jpg\"alt=\"1\">\n\t\t\t\t\t\t\t\t\t\t\t\t\t<\/a>\n\t\t\t\t\t\t\t\t\t\t\t<\/div>\n\t\t\t\t\t\t\t\t\t\t\t\t\t\t\t<div class=\"wd-gallery-item  col-lg-4 col-md-4 col-12\">\n\t\t\t\t\t\t\t\t\t\t\t\t\t<a  href=\"https:\/\/masazasara.com\/wp-content\/uploads\/2023\/12\/2.jpg\"data-width=\"960\" data-height=\"960\" data-index=\"2\" data-elementor-open-lightbox=\"no\">\n\t\t\t\t\t\t\n\t\t\t\t\t\t<img decoding=\"async\" src=\"https:\/\/masazasara.com\/wp-content\/uploads\/2023\/12\/2-800x800.jpg\"alt=\"2\">\n\t\t\t\t\t\t\t\t\t\t\t\t\t<\/a>\n\t\t\t\t\t\t\t\t\t\t\t<\/div>\n\t\t\t\t\t\t\t\t\t\t\t\t\t\t\t<div class=\"wd-gallery-item  col-lg-4 col-md-4 col-12\">\n\t\t\t\t\t\t\t\t\t\t\t\t\t<a  href=\"https:\/\/masazasara.com\/wp-content\/uploads\/2023\/12\/4.jpg\"data-width=\"960\" data-height=\"1200\" data-index=\"3\" data-elementor-open-lightbox=\"no\">\n\t\t\t\t\t\t\n\t\t\t\t\t\t<img decoding=\"async\" src=\"https:\/\/masazasara.com\/wp-content\/uploads\/2023\/12\/4-640x800.jpg\"alt=\"4\">\n\t\t\t\t\t\t\t\t\t\t\t\t\t<\/a>\n\t\t\t\t\t\t\t\t\t\t\t<\/div>\n\t\t\t\t\t\t\t\t\t\t\t\t\t\t\t<div class=\"wd-gallery-item  col-lg-4 col-md-4 col-12\">\n\t\t\t\t\t\t\t\t\t\t\t\t\t<a  href=\"https:\/\/masazasara.com\/wp-content\/uploads\/2023\/12\/5.jpg\"data-width=\"960\" data-height=\"1200\" data-index=\"4\" data-elementor-open-lightbox=\"no\">\n\t\t\t\t\t\t\n\t\t\t\t\t\t<img decoding=\"async\" src=\"https:\/\/masazasara.com\/wp-content\/uploads\/2023\/12\/5-640x800.jpg\"alt=\"5\">\n\t\t\t\t\t\t\t\t\t\t\t\t\t<\/a>\n\t\t\t\t\t\t\t\t\t\t\t<\/div>\n\t\t\t\t\t\t\t\t\t\t\t\t\t\t\t<div class=\"wd-gallery-item  col-lg-4 col-md-4 col-12\">\n\t\t\t\t\t\t\t\t\t\t\t\t\t<a  href=\"https:\/\/masazasara.com\/wp-content\/uploads\/2023\/12\/6.jpg\"data-width=\"960\" data-height=\"1184\" data-index=\"5\" data-elementor-open-lightbox=\"no\">\n\t\t\t\t\t\t\n\t\t\t\t\t\t<img decoding=\"async\" src=\"https:\/\/masazasara.com\/wp-content\/uploads\/2023\/12\/6-649x800.jpg\"alt=\"6\">\n\t\t\t\t\t\t\t\t\t\t\t\t\t<\/a>\n\t\t\t\t\t\t\t\t\t\t\t<\/div>\n\t\t\t\t\t\t\t\t\t\t\t\t\t\t\t<div class=\"wd-gallery-item  col-lg-4 col-md-4 col-12\">\n\t\t\t\t\t\t\t\t\t\t\t\t\t<a  href=\"https:\/\/masazasara.com\/wp-content\/uploads\/2023\/12\/3.jpg\"data-width=\"960\" data-height=\"960\" data-index=\"6\" data-elementor-open-lightbox=\"no\">\n\t\t\t\t\t\t\n\t\t\t\t\t\t<img decoding=\"async\" src=\"https:\/\/masazasara.com\/wp-content\/uploads\/2023\/12\/3-800x800.jpg\"alt=\"3\">\n\t\t\t\t\t\t\t\t\t\t\t\t\t<\/a>\n\t\t\t\t\t\t\t\t\t\t\t<\/div>\n\t\t\t\t\t\t\t\t<\/div>\n\t\t<\/div>\n\t\t\t\t\t\t<\/div>\n\t\t\t\t<\/div>\n\t\t\t\t\t<\/div>\n\t\t\t\t<\/div>\n\t\t\t\t<\/div>\n\t\t","protected":false},"excerpt":{"rendered":"<p>Klasi\u010dna depilacija naj\u010de\u0161\u0107e je izvo\u0111en na\u010din uklanjanja ne\u017eeljenih dla\u010dica. Dla\u010dice se tom metodam uklanjaju iz korijena, \u0161to vremenom postepeno smanjuje<\/p>\n","protected":false},"author":1,"featured_media":0,"parent":0,"menu_order":0,"comment_status":"closed","ping_status":"closed","template":"elementor_header_footer","meta":{"footnotes":""},"class_list":["post-15697","page","type-page","status-publish","hentry"],"_links":{"self":[{"href":"https:\/\/masazasara.com\/index.php\/wp-json\/wp\/v2\/pages\/15697","targetHints":{"allow":["GET"]}}],"collection":[{"href":"https:\/\/masazasara.com\/index.php\/wp-json\/wp\/v2\/pages"}],"about":[{"href":"https:\/\/masazasara.com\/index.php\/wp-json\/wp\/v2\/types\/page"}],"author":[{"embeddable":true,"href":"https:\/\/masazasara.com\/index.php\/wp-json\/wp\/v2\/users\/1"}],"replies":[{"embeddable":true,"href":"https:\/\/masazasara.com\/index.php\/wp-json\/wp\/v2\/comments?post=15697"}],"version-history":[{"count":4,"href":"https:\/\/masazasara.com\/index.php\/wp-json\/wp\/v2\/pages\/15697\/revisions"}],"predecessor-version":[{"id":15709,"href":"https:\/\/masazasara.com\/index.php\/wp-json\/wp\/v2\/pages\/15697\/revisions\/15709"}],"wp:attachment":[{"href":"https:\/\/masazasara.com\/index.php\/wp-json\/wp\/v2\/media?parent=15697"}],"curies":[{"name":"wp","href":"https:\/\/api.w.org\/{rel}","templated":true}]}}