{"id":15724,"date":"2023-12-29T16:06:58","date_gmt":"2023-12-29T16:06:58","guid":{"rendered":"https:\/\/masazasara.com\/?page_id=15724"},"modified":"2023-12-29T16:09:35","modified_gmt":"2023-12-29T16:09:35","slug":"kontakt","status":"publish","type":"page","link":"https:\/\/masazasara.com\/index.php\/kontakt\/","title":{"rendered":"KONTAKT"},"content":{"rendered":"\t\t<div data-elementor-type=\"wp-page\" data-elementor-id=\"15724\" class=\"elementor elementor-15724\">\n\t\t\t\t<div class=\"elementor-element elementor-element-e1f3290 e-flex e-con-boxed wd-section-disabled e-con e-parent\" data-id=\"e1f3290\" data-element_type=\"container\" data-e-type=\"container\">\n\t\t\t\t\t<div class=\"e-con-inner\">\n\t\t<div class=\"elementor-element elementor-element-d3c69fc e-con-full e-flex wd-section-disabled e-con e-child\" data-id=\"d3c69fc\" data-element_type=\"container\" data-e-type=\"container\">\n\t\t\t\t<div class=\"elementor-element elementor-element-ff7fd21 elementor-widget elementor-widget-wd_text_block\" data-id=\"ff7fd21\" data-element_type=\"widget\" data-e-type=\"widget\" data-widget_type=\"wd_text_block.default\">\n\t\t\t\t<div class=\"elementor-widget-container\">\n\t\t\t\t\t\t\t<div class=\"wd-text-block reset-last-child text-left\">\n\t\t\t\n\t\t\t<p><strong>Telefon<\/strong>: +381 63 837 90 70 \/ Viber \/ WhatsApp\u00a0<\/p><p><strong>Lokacija<\/strong>: Brane Crn\u010devi\u0107a 7, iznad Slavije, Beograd<\/p><p><strong>Email<\/strong>: <span style=\"color: #800080;\"><a style=\"color: #800080;\" href=\"mailto:masazabeograd282@gmail.com\">masazabeograd282@gmail.com<\/a><\/span><\/p><p><strong>Radno vreme:<\/strong>\u00a010 - 23 \u010dasova<\/p>\n\t\t\t\t\t<\/div>\n\t\t\t\t\t\t<\/div>\n\t\t\t\t<\/div>\n\t\t\t\t<div class=\"elementor-element elementor-element-5740835 elementor-widget elementor-widget-wd_image_or_svg\" data-id=\"5740835\" data-element_type=\"widget\" data-e-type=\"widget\" data-widget_type=\"wd_image_or_svg.default\">\n\t\t\t\t<div class=\"elementor-widget-container\">\n\t\t\t\t\t\n\t\t<div class=\"wd-image text-left\">\n\t\t\t\t\t\t\t\t<img fetchpriority=\"high\" decoding=\"async\" width=\"400\" height=\"145\" src=\"https:\/\/masazasara.com\/wp-content\/uploads\/2023\/12\/logo2-400x145.png\" class=\"attachment-medium size-medium\" alt=\"\" srcset=\"https:\/\/masazasara.com\/wp-content\/uploads\/2023\/12\/logo2-400x145.png 400w, https:\/\/masazasara.com\/wp-content\/uploads\/2023\/12\/logo2-768x278.png 768w, https:\/\/masazasara.com\/wp-content\/uploads\/2023\/12\/logo2-860x311.png 860w, https:\/\/masazasara.com\/wp-content\/uploads\/2023\/12\/logo2-430x155.png 430w, https:\/\/masazasara.com\/wp-content\/uploads\/2023\/12\/logo2-700x253.png 700w, https:\/\/masazasara.com\/wp-content\/uploads\/2023\/12\/logo2-150x54.png 150w, https:\/\/masazasara.com\/wp-content\/uploads\/2023\/12\/logo2.png 985w\" sizes=\"(max-width: 400px) 100vw, 400px\" \/>\t\t\t\t\t<\/div>\n\n\t\t\t\t\t\t<\/div>\n\t\t\t\t<\/div>\n\t\t\t\t<\/div>\n\t\t<div class=\"elementor-element elementor-element-bfb8c31 e-con-full e-flex wd-section-disabled e-con e-child\" data-id=\"bfb8c31\" data-element_type=\"container\" data-e-type=\"container\">\n\t\t\t\t<div class=\"elementor-element elementor-element-f480ed4 elementor-widget elementor-widget-wd_text_block\" data-id=\"f480ed4\" data-element_type=\"widget\" data-e-type=\"widget\" data-widget_type=\"wd_text_block.default\">\n\t\t\t\t<div class=\"elementor-widget-container\">\n\t\t\t\t\t\t\t<div class=\"wd-text-block reset-last-child text-left\">\n\t\t\t\n\t\t\t<h3>Salon Sara Beograd<\/h3>\n\t\t\t\t\t<\/div>\n\t\t\t\t\t\t<\/div>\n\t\t\t\t<\/div>\n\t\t\t\t<div class=\"elementor-element elementor-element-bdcba52 elementor-widget elementor-widget-wd_text_block\" data-id=\"bdcba52\" data-element_type=\"widget\" data-e-type=\"widget\" data-widget_type=\"wd_text_block.default\">\n\t\t\t\t<div class=\"elementor-widget-container\">\n\t\t\t\t\t\t\t<div class=\"wd-text-block reset-last-child text-left\">\n\t\t\t\n\t\t\t<p>Ako \u017eelite da se opustite, oslobodite stresa i prona\u0111ete harmoniju uma i tela, tu sam da vam pomognem. Dugogodi\u0161njim iskustvom u masa\u017ei, posve\u0107ujem se pru\u017eanju individualnog pristupa svakom klijentu.<\/p><p>Moj cilj je da stvorim prostor u kome \u0107ete se ose\u0107ati udobno, opu\u0161teno i podr\u017eano.<\/p><p>Za vi\u0161e informacija o uslugama, slobodnim terminima ili ako \u017eelite da porazgovaramo o tome kako masa\u017ea mo\u017ee pobolj\u0161ati va\u0161e zdravlje i blagostanje, slobodno me kontaktirajte .<\/p><p>Radujem se \u0161to \u0107u biti deo va\u0161eg putovanja ka boljem zdravlju i harmoniji uma i tela.<\/p>\n\t\t\t\t\t<\/div>\n\t\t\t\t\t\t<\/div>\n\t\t\t\t<\/div>\n\t\t\t\t<\/div>\n\t\t\t\t\t<\/div>\n\t\t\t\t<\/div>\n\t\t<div class=\"elementor-element elementor-element-2da76a0 wd-section-stretch-content e-flex e-con-boxed e-con e-parent\" data-id=\"2da76a0\" data-element_type=\"container\" data-e-type=\"container\">\n\t\t\t\t\t<div class=\"e-con-inner\">\n\t\t\t\t<div class=\"elementor-element elementor-element-7780591 elementor-widget elementor-widget-google_maps\" data-id=\"7780591\" data-element_type=\"widget\" data-e-type=\"widget\" data-widget_type=\"google_maps.default\">\n\t\t\t\t<div class=\"elementor-widget-container\">\n\t\t\t\t\t\t\t<div class=\"elementor-custom-embed\">\n\t\t\t<iframe loading=\"lazy\"\n\t\t\t\t\tsrc=\"https:\/\/maps.google.com\/maps?q=Brane%20Crn%C4%8Devi%C4%87a%207&#038;t=m&#038;z=15&#038;output=embed&#038;iwloc=near\"\n\t\t\t\t\ttitle=\"Brane Crn\u010devi\u0107a 7\"\n\t\t\t\t\taria-label=\"Brane Crn\u010devi\u0107a 7\"\n\t\t\t><\/iframe>\n\t\t<\/div>\n\t\t\t\t\t\t<\/div>\n\t\t\t\t<\/div>\n\t\t\t\t\t<\/div>\n\t\t\t\t<\/div>\n\t\t\t\t<\/div>\n\t\t","protected":false},"excerpt":{"rendered":"<p>Telefon: +381 63 837 90 70 \/ Viber \/ WhatsApp\u00a0 Lokacija: Brane Crn\u010devi\u0107a 7, iznad Slavije, Beograd Email: masazabeograd282@gmail.com Radno<\/p>\n","protected":false},"author":1,"featured_media":0,"parent":0,"menu_order":0,"comment_status":"closed","ping_status":"closed","template":"elementor_header_footer","meta":{"footnotes":""},"class_list":["post-15724","page","type-page","status-publish","hentry"],"_links":{"self":[{"href":"https:\/\/masazasara.com\/index.php\/wp-json\/wp\/v2\/pages\/15724","targetHints":{"allow":["GET"]}}],"collection":[{"href":"https:\/\/masazasara.com\/index.php\/wp-json\/wp\/v2\/pages"}],"about":[{"href":"https:\/\/masazasara.com\/index.php\/wp-json\/wp\/v2\/types\/page"}],"author":[{"embeddable":true,"href":"https:\/\/masazasara.com\/index.php\/wp-json\/wp\/v2\/users\/1"}],"replies":[{"embeddable":true,"href":"https:\/\/masazasara.com\/index.php\/wp-json\/wp\/v2\/comments?post=15724"}],"version-history":[{"count":7,"href":"https:\/\/masazasara.com\/index.php\/wp-json\/wp\/v2\/pages\/15724\/revisions"}],"predecessor-version":[{"id":15734,"href":"https:\/\/masazasara.com\/index.php\/wp-json\/wp\/v2\/pages\/15724\/revisions\/15734"}],"wp:attachment":[{"href":"https:\/\/masazasara.com\/index.php\/wp-json\/wp\/v2\/media?parent=15724"}],"curies":[{"name":"wp","href":"https:\/\/api.w.org\/{rel}","templated":true}]}}