{"id":15908,"date":"2025-12-04T11:39:17","date_gmt":"2025-12-04T11:39:17","guid":{"rendered":"https:\/\/masazasara.com\/?page_id=15908"},"modified":"2025-12-04T11:46:04","modified_gmt":"2025-12-04T11:46:04","slug":"cenovnik","status":"publish","type":"page","link":"https:\/\/masazasara.com\/index.php\/cenovnik\/","title":{"rendered":"Cenovnik"},"content":{"rendered":"\t\t<div data-elementor-type=\"wp-page\" data-elementor-id=\"15908\" class=\"elementor elementor-15908\">\n\t\t\t\t<div class=\"elementor-element elementor-element-ff59db9 e-con-full wd-section-stretch e-flex e-con e-parent\" data-id=\"ff59db9\" data-element_type=\"container\" data-settings=\"{&quot;background_background&quot;:&quot;classic&quot;}\">\n\t\t<div class=\"elementor-element elementor-element-d9766a0 e-con-full e-flex wd-section-disabled e-con e-child\" data-id=\"d9766a0\" data-element_type=\"container\">\n\t\t\t\t<\/div>\n\t\t<div class=\"elementor-element elementor-element-ad5fb11 e-con-full e-flex wd-section-disabled e-con e-child\" data-id=\"ad5fb11\" data-element_type=\"container\">\n\t\t\t\t<div class=\"elementor-element elementor-element-2c26d2e color-scheme-inherit text-left elementor-widget elementor-widget-text-editor\" data-id=\"2c26d2e\" data-element_type=\"widget\" data-widget_type=\"text-editor.default\">\n\t\t\t\t<div class=\"elementor-widget-container\">\n\t\t\t\t\t\t\t\t\t<div style=\"overflow-x: auto;\"><table style=\"width: 100%; border-collapse: collapse; font-family: Arial, sans-serif; font-size: 14px;\"><!-- HEADER --><tbody><tr style=\"background: #7e57c2; color: #fff;\"><th style=\"padding: 12px; text-align: left;\"><span style=\"color: #ffffff;\">Usluga<\/span><\/th><th style=\"padding: 12px; text-align: center;\"><span style=\"color: #ffffff;\">Trajanje<\/span><\/th><th style=\"padding: 12px; text-align: right;\"><span style=\"color: #ffffff;\">Cena<\/span><\/th><\/tr><!-- Relax --><tr style=\"background: #f3e5f5;\"><td style=\"padding: 10px;\">Relax masa\u017ea<\/td><td style=\"padding: 10px; text-align: center;\">60 min<\/td><td style=\"padding: 10px; text-align: right;\">4.000 RSD<\/td><\/tr><!-- Antistres --><tr style=\"background: #ede7f6;\"><td style=\"padding: 10px;\">Antistres masa\u017ea<\/td><td style=\"padding: 10px; text-align: center;\">40 min<\/td><td style=\"padding: 10px; text-align: right;\">3.500 RSD<\/td><\/tr><!-- Sportska --><tr style=\"background: #f3e5f5;\"><td style=\"padding: 10px;\">Sportska masa\u017ea<\/td><td style=\"padding: 10px; text-align: center;\">30 min<\/td><td style=\"padding: 10px; text-align: right;\">4.000 RSD<\/td><\/tr><!-- Joga & Meditacija 60 --><tr style=\"background: #ede7f6;\"><td style=\"padding: 10px;\">Joga &amp; Meditacija<\/td><td style=\"padding: 10px; text-align: center;\">60 min<\/td><td style=\"padding: 10px; text-align: right;\">6.000 RSD<\/td><\/tr><!-- Joga & Meditacija 90 --><tr style=\"background: #f3e5f5;\"><td style=\"padding: 10px;\">Joga &amp; Meditacija<\/td><td style=\"padding: 10px; text-align: center;\">90 min<\/td><td style=\"padding: 10px; text-align: right;\">9.000 RSD<\/td><\/tr><!-- Tantra 60 --><tr style=\"background: #ede7f6;\"><td style=\"padding: 10px;\">Tantra terapeutska masa\u017ea<\/td><td style=\"padding: 10px; text-align: center;\">60 min<\/td><td style=\"padding: 10px; text-align: right;\">8.000 RSD<\/td><\/tr><!-- Tantra 90 --><tr style=\"background: #f3e5f5;\"><td style=\"padding: 10px;\">Tantra terapeutska masa\u017ea<\/td><td style=\"padding: 10px; text-align: center;\">90 min<\/td><td style=\"padding: 10px; text-align: right;\">12.000 RSD<\/td><\/tr><!-- \u017deludac --><tr style=\"background: #ede7f6;\"><td style=\"padding: 10px;\">Masa\u017ea \u017eeluca<\/td><td style=\"padding: 10px; text-align: center;\">\u2014<\/td><td style=\"padding: 10px; text-align: right;\">3.000 RSD<\/td><\/tr><!-- Kombinovana --><tr style=\"background: #f3e5f5;\"><td style=\"padding: 10px;\">Kombinovana Relax + Kiropraktika<\/td><td style=\"padding: 10px; text-align: center;\">40 min<\/td><td style=\"padding: 10px; text-align: right;\">5.000 RSD<\/td><\/tr><!-- Fizikalna --><tr style=\"background: #ede7f6;\"><td style=\"padding: 10px;\">Fizikalna terapija<\/td><td style=\"padding: 10px; text-align: center;\">45 min<\/td><td style=\"padding: 10px; text-align: right;\">4.500 RSD<\/td><\/tr><!-- Depilacija header --><tr style=\"background: #7e57c2; color: #fff;\"><th style=\"padding: 12px; text-align: left;\"><span style=\"color: #ffffff;\">Depilacija<\/span><\/th><th>\u00a0<\/th><th>\u00a0<\/th><\/tr><!-- Depilacije --><tr style=\"background: #f3e5f5;\"><td style=\"padding: 10px;\">Depilacija ruku<\/td><td style=\"padding: 10px; text-align: center;\">\u2014<\/td><td style=\"padding: 10px; text-align: right;\">2.000 RSD<\/td><\/tr><tr style=\"background: #ede7f6;\"><td style=\"padding: 10px;\">Depilacija nogu<\/td><td style=\"padding: 10px; text-align: center;\">\u2014<\/td><td style=\"padding: 10px; text-align: right;\">2.000 RSD<\/td><\/tr><tr style=\"background: #f3e5f5;\"><td style=\"padding: 10px;\">Depilacija le\u0111a<\/td><td style=\"padding: 10px; text-align: center;\">\u2014<\/td><td style=\"padding: 10px; text-align: right;\">2.000 RSD<\/td><\/tr><tr style=\"background: #ede7f6;\"><td style=\"padding: 10px;\">Depilacija grudi i abdomena<\/td><td style=\"padding: 10px; text-align: center;\">\u2014<\/td><td style=\"padding: 10px; text-align: right;\">2.000 RSD<\/td><\/tr><tr style=\"background: #f3e5f5;\"><td style=\"padding: 10px;\">Depilacija intimne regije<\/td><td style=\"padding: 10px; text-align: center;\">\u2014<\/td><td style=\"padding: 10px; text-align: right;\">2.000 RSD<\/td><\/tr><\/tbody><\/table><\/div>\t\t\t\t\t\t\t\t<\/div>\n\t\t\t\t<\/div>\n\t\t\t\t<\/div>\n\t\t<div class=\"elementor-element elementor-element-fa95551 e-con-full e-flex wd-section-disabled e-con e-child\" data-id=\"fa95551\" data-element_type=\"container\">\n\t\t\t\t<\/div>\n\t\t\t\t<\/div>\n\t\t\t\t<\/div>\n\t\t","protected":false},"excerpt":{"rendered":"<p>Usluga Trajanje Cena Relax masa\u017ea 60 min 4.000 RSD Antistres masa\u017ea 40 min 3.500 RSD Sportska masa\u017ea 30 min 4.000<\/p>\n","protected":false},"author":1,"featured_media":0,"parent":0,"menu_order":0,"comment_status":"closed","ping_status":"closed","template":"elementor_header_footer","meta":{"footnotes":""},"class_list":["post-15908","page","type-page","status-publish","hentry"],"_links":{"self":[{"href":"https:\/\/masazasara.com\/index.php\/wp-json\/wp\/v2\/pages\/15908","targetHints":{"allow":["GET"]}}],"collection":[{"href":"https:\/\/masazasara.com\/index.php\/wp-json\/wp\/v2\/pages"}],"about":[{"href":"https:\/\/masazasara.com\/index.php\/wp-json\/wp\/v2\/types\/page"}],"author":[{"embeddable":true,"href":"https:\/\/masazasara.com\/index.php\/wp-json\/wp\/v2\/users\/1"}],"replies":[{"embeddable":true,"href":"https:\/\/masazasara.com\/index.php\/wp-json\/wp\/v2\/comments?post=15908"}],"version-history":[{"count":22,"href":"https:\/\/masazasara.com\/index.php\/wp-json\/wp\/v2\/pages\/15908\/revisions"}],"predecessor-version":[{"id":15930,"href":"https:\/\/masazasara.com\/index.php\/wp-json\/wp\/v2\/pages\/15908\/revisions\/15930"}],"wp:attachment":[{"href":"https:\/\/masazasara.com\/index.php\/wp-json\/wp\/v2\/media?parent=15908"}],"curies":[{"name":"wp","href":"https:\/\/api.w.org\/{rel}","templated":true}]}}